{"id":2512,"date":"2024-10-29T18:45:00","date_gmt":"2024-10-29T22:45:00","guid":{"rendered":"https:\/\/www.aclu-or.org\/plan-de-respuesta-rapida-si-la-migra-llega-tu-comunidad\/"},"modified":"2024-10-29T18:45:00","modified_gmt":"2024-10-29T22:45:00","slug":"plan-de-respuesta-rapida-si-la-migra-llega-tu-comunidad","status":"publish","type":"page","link":"https:\/\/www.aclu-or.org\/es\/plan-de-respuesta-rapida-si-la-migra-llega-tu-comunidad\/","title":{"rendered":"PLAN DE RESPUESTA R\u00c1PIDA SI ICE LLEGA A TU COMUNIDAD"},"content":{"rendered":"<p><em><span><span><span><span><span><span>La siguiente informaci\u00f3n es producida por la ACLU de Oregon \u00fanicamente con fines educativos. Esto no pretende ser ni sustituir el asesoramiento legal.&nbsp;<\/span><\/span><\/span><\/span><\/span><\/span><\/em><\/p>\n<p class=\"alt\">\n<div data-infogram=\"https:\/\/infogram.com\/1pq9depn7zerzkiqrv200rd2jkh077mkkl9%3Flive\" class=\"infogram-embed\"><\/div>\n<\/p>\n<hr>\n<h2><strong><span><span><span><span><span><span>SI LA POLIC\u00cdA PREGUNTA SOBRE SU ESTADO MIGRATORIO:<\/span><\/span><\/span><\/span><\/span><\/span><\/strong><\/h2>\n<ul>\n<li><span><span><span><span><span><span>Tiene derecho a permanecer en silencio y no tiene que discutir su estatus migratorio o de ciudadan\u00eda con la polic\u00eda, agentes de inmigraci\u00f3n u otros funcionarios. Todo lo que le diga a un oficial puede ser usado&nbsp;posteriormente en su contra en un tribunal de inmigraci\u00f3n.<\/span><\/span><\/span><\/span><\/span><\/span><\/li>\n<li><span><span><span><span><span><span>Si no es ciudadano estadounidense y un agente de inmigraci\u00f3n solicita sus documentos de inmigraci\u00f3n, debe mostrarlos si los tiene con usted. Este requisito s\u00f3lo aplica a los agentes de inmigraci\u00f3n. <\/span><\/span><\/span><\/span><\/span><\/span><span style=\"font-size:15pt; font-variant:normal; white-space:pre-wrap\"><span style=\"font-family:Georgia,serif\"><span style=\"color:#ff0000\"><span style=\"font-weight:400\"><span style=\"font-style:normal\"><span style=\"text-decoration:none\">No es necesario que muestre ning\u00fan documento a la polic\u00eda local o estatal, excepto que debe mostrar una licencia de conducir v\u00e1lida si la polic\u00eda lo detiene por una infracci\u00f3n de tr\u00e1nsito.<\/span><\/span><\/span><\/span><\/span><\/span><\/li>\n<li>Si la polic\u00eda o un agente de inmigraci\u00f3n le pregunta si pueden registrarlo, tiene derecho a decir que no. Los agentes generalmente no tienen derecho a registrarlo a usted ni a sus pertenencias sin su permiso o una orden judicial.<\/li>\n<li><span><span><span><span><span><span>Si eres mayor de 18 a\u00f1os y no eres ciudadano estadounidense, lleva tus documentos contigo en todo momento. Si no los tiene, d\u00edgale al oficial que desea permanecer en silencio o que desea consultar a un abogado antes de responder cualquier pregunta.<\/span><\/span><\/span><\/span><\/span><\/span><\/li>\n<\/ul>\n<hr>\n<h2><a class=\"cta-style-arrow-button\" href=\"https:\/\/www.aclu-or.org\/en\/clone-clone-know-your-rights-immigrants-rights\">PARA OBTENER M\u00c1S INFORMACI\u00d3N Y RECURSOS SOBRE LOS DERECHOS DE LOS INMIGRANTES EN GENERAL, HAGA CLIC AQU\u00cd.<\/a><\/h2>\n<hr>\n<p>La ACLU ha unido fuerzas con Brooklyn Defender Services para crear y distribuir una serie de videos poderosos e informativos basados \u200b\u200ben historias reales para brindar momentos de acci\u00f3n de la vida real sobre qu\u00e9 hacer cuando ICE est\u00e1 afuera de nuestras puertas, en nuestros hogares, nos detiene en nuestras comunidades y\/o nos arresta.<\/p>\n<p>Los videos tienen voces en varios idiomas por un elenco estelar de personas influyentes y activistas, entre ellos: Jesse Williams (ingl\u00e9s), Diane Guerrero (espa\u00f1ol), Kumail Nanjiani (urdu), Linda Sarsour (\u00e1rabe), Edwidge Danticat (criollo haitiano), Katya Lee (rusa) y Xiren Wang (mandar\u00edn).<\/p>\n<p><div data-infogram=\"https:\/\/infogram.com\/copy-we-have-rights-videos-button-1h0n25od1qozl4p%3Flive\" class=\"infogram-embed\"><\/div><\/p>\n","protected":false},"excerpt":{"rendered":"<p>La siguiente informaci\u00f3n es producida por la ACLU de Oregon \u00fanicamente con fines educativos. Esto no pretende ser ni sustituir el asesoramiento legal.&nbsp; SI LA POLIC\u00cdA PREGUNTA SOBRE SU ESTADO MIGRATORIO: Tiene derecho a permanecer en silencio y no tiene que discutir su estatus migratorio o de ciudadan\u00eda con la polic\u00eda, agentes de inmigraci\u00f3n u [&hellip;]<\/p>\n","protected":false},"author":8,"featured_media":0,"parent":0,"menu_order":0,"comment_status":"closed","ping_status":"closed","template":"","meta":{"_acf_changed":false,"_relevanssi_hide_post":"","_relevanssi_hide_content":"","_relevanssi_pin_for_all":"","_relevanssi_pin_keywords":"","_relevanssi_unpin_keywords":"","_relevanssi_related_keywords":"","_relevanssi_related_include_ids":"","_relevanssi_related_exclude_ids":"","_relevanssi_related_no_append":"","_relevanssi_related_not_related":"","_relevanssi_related_posts":"","_relevanssi_noindex_reason":"","footnotes":""},"class_list":["post-2512","page","type-page","status-publish","hentry"],"acf":{"layout":"default","header-group":{"header-description":"","show-subnav":false,"hide-from-subnav":false},"components":[{"acf_fc_layout":"text","text":{"text":"<em>La siguiente informaci\u00f3n es producida por la ACLU de Oregon \u00fanicamente con fines educativos. Esto no pretende ser ni sustituir el asesoramiento legal. <\/em>\n\n"}},{"acf_fc_layout":"infogram","infogram":{"oembed-url":"https:\/\/infogram.com\/1pq9depn7zerzkiqrv200rd2jkh077mkkl9?live"}},{"acf_fc_layout":"divider","divider":{"divider_type":"hr"}},{"acf_fc_layout":"heading","heading":{"":null,"text":"SI LA POLIC\u00cdA PREGUNTA SOBRE SU ESTADO MIGRATORIO:","anchor":"","sub-heading":"","type":"h2","heading-style":"standard"}},{"acf_fc_layout":"text","text":{"text":"<ul><li>Tiene derecho a permanecer en silencio y no tiene que discutir su estatus migratorio o de ciudadan\u00eda con la polic\u00eda, agentes de inmigraci\u00f3n u otros funcionarios. Todo lo que le diga a un oficial puede ser usado posteriormente en su contra en un tribunal de inmigraci\u00f3n.<\/li><li>Si no es ciudadano estadounidense y un agente de inmigraci\u00f3n solicita sus documentos de inmigraci\u00f3n, debe mostrarlos si los tiene con usted. Este requisito s\u00f3lo aplica a los agentes de inmigraci\u00f3n. No es necesario que muestre ning\u00fan documento a la polic\u00eda local o estatal, excepto que debe mostrar una licencia de conducir v\u00e1lida si la polic\u00eda lo detiene por una infracci\u00f3n de tr\u00e1nsito.<\/li><li>Si la polic\u00eda o un agente de inmigraci\u00f3n le pregunta si pueden registrarlo, tiene derecho a decir que no. Los agentes generalmente no tienen derecho a registrarlo a usted ni a sus pertenencias sin su permiso o una orden judicial.<\/li><li>Si eres mayor de 18 a\u00f1os y no eres ciudadano estadounidense, lleva tus documentos contigo en todo momento. Si no los tiene, d\u00edgale al oficial que desea permanecer en silencio o que desea consultar a un abogado antes de responder cualquier pregunta.<\/li><\/ul>"}},{"acf_fc_layout":"divider","divider":{"divider_type":"hr"}},{"acf_fc_layout":"heading","heading":{"":null,"text":"PARA OBTENER M\u00c1S INFORMACI\u00d3N Y RECURSOS SOBRE LOS DERECHOS DE LOS INMIGRANTES EN GENERAL, HAGA CLIC AQU\u00cd.","anchor":"","sub-heading":"<a href=\"https:\/\/www.aclu-or.org\/en\/clone-clone-know-your-rights-immigrants-rights\">View<\/a>","type":"h2","heading-style":"standard"}},{"acf_fc_layout":"divider","divider":{"divider_type":"hr"}},{"acf_fc_layout":"text","text":{"text":"La ACLU ha unido fuerzas con Brooklyn Defender Services para crear y distribuir una serie de videos poderosos e informativos basados \u200b\u200ben historias reales para brindar momentos de acci\u00f3n de la vida real sobre qu\u00e9 hacer cuando ICE est\u00e1 afuera de nuestras puertas, en nuestros hogares, nos detiene en nuestras comunidades y\/o nos arresta.\n\nLos videos tienen voces en varios idiomas por un elenco estelar de personas influyentes y activistas, entre ellos: Jesse Williams (ingl\u00e9s), Diane Guerrero (espa\u00f1ol), Kumail Nanjiani (urdu), Linda Sarsour (\u00e1rabe), Edwidge Danticat (criollo haitiano), Katya Lee (rusa) y Xiren Wang (mandar\u00edn).\n\n"}},{"acf_fc_layout":"infogram","infogram":{"oembed-url":"https:\/\/infogram.com\/copy-we-have-rights-videos-button-1h0n25od1qozl4p?live"}},{"acf_fc_layout":"image-video-collection","image-video-collection":{"":null,"title":"","description":"","images-videos":[{"title":"We Have Rights: When ICE is Outside our Doors","media-type":"youtube","image":null,"video":null,"oembed-url":"https:\/\/www.youtube.com\/watch?v=pW4uixi4b_E","cover-image":8642,"credit":"","caption":"","description":"ICE agents may come to your home looking for you or a loved one. They will try a number of tricks to get you to open the door. This video will help you understand what your rights are if ICE agents come to your home and what you can to try to prevent them from entering.<br \/>View in:&nbsp;<a href=\"https:\/\/www.youtube.com\/watch?v=5ExgUmgEYf8\">Spanish<\/a>&nbsp;|&nbsp;<a href=\"https:\/\/www.youtube.com\/watch?v=GmAam3ExMCc\">Urdu<\/a>&nbsp;|&nbsp;<a href=\"https:\/\/www.youtube.com\/watch?v=BC3zqFRw7fk\">Arabic<\/a>&nbsp;|&nbsp;<a href=\"https:\/\/www.youtube.com\/watch?v=I0LTGWSqlVc\">Haitian Creole<\/a>&nbsp;|&nbsp;<a href=\"https:\/\/www.youtube.com\/watch?v=ToD8yvuPlFg\">Russian<\/a>&nbsp;|&nbsp;<a href=\"https:\/\/www.youtube.com\/watch?v=oN8eEJbyvKA\">Mandarin<\/a>\n\n\n","link-url":"","lightbox":true,"social-share-text":"","social-share-link":""},{"title":"We Have Rights: Inside Our Homes","media-type":"youtube","image":null,"video":null,"oembed-url":"https:\/\/www.youtube.com\/watch?v=X_tLoRdoECM","cover-image":8644,"credit":"","caption":"","description":"If ICE agents enter your home, you still have rights! This video outlines important information about what to do when ICE agents are inside your home, what your rights are, and what you can do to prepare for future immigration proceedings, should they occur.\n\n\nView in:&nbsp;<a href=\"https:\/\/www.youtube.com\/watch?v=qZhKv93wOfs\">Spanish<\/a>&nbsp;|&nbsp;<a href=\"https:\/\/www.youtube.com\/watch?v=ePZ4Gc0djB0\">Urdu<\/a>&nbsp;|<a href=\"https:\/\/www.youtube.com\/watch?v=T0_JFKBvpo8\">Arabic<\/a>&nbsp;|&nbsp;<a href=\"https:\/\/www.youtube.com\/watch?v=NbvFM-XBaIs\">Haitian Creole<\/a>&nbsp;|&nbsp;<a href=\"https:\/\/www.youtube.com\/watch?v=h5XPbcEOtmg\">Russian<\/a>&nbsp;|&nbsp;<a href=\"https:\/\/www.youtube.com\/watch?v=_tFb8u-wVXs\">Mandarin<\/a>\n\n\n","link-url":"","lightbox":true,"social-share-text":"","social-share-link":""},{"title":"We Have Rights: In Our Communities, In Our Streets","media-type":"youtube","image":null,"video":null,"oembed-url":"https:\/\/www.youtube.com\/watch?v=FrK8aaGxRJE","cover-image":8646,"credit":"","caption":"","description":"Increasingly, ICE agents approach and detain people in the community: in the street, in your car, at work, even in court. This video outlines what your rights are if ICE approaches you in your community, what to do in such a situation, and how it is your right to record such interactions if you see them happening to someone else.\n\n\nView in:&nbsp;<a href=\"https:\/\/www.youtube.com\/watch?v=jNBBJs0ZLs0\">Spanish<\/a>&nbsp;|&nbsp;<a href=\"https:\/\/www.youtube.com\/watch?v=VGlBue_kPbA\">Urdu<\/a>&nbsp;|<a href=\"https:\/\/www.youtube.com\/watch?v=ruaYIOm8g50\">Arabic<\/a>&nbsp;|&nbsp;<a href=\"https:\/\/www.youtube.com\/watch?v=uifeU3W1T8k\">Haitian Creole<\/a>&nbsp;|&nbsp;<a href=\"https:\/\/www.youtube.com\/watch?v=kVOPtfgWTmQ\">Russian<\/a>&nbsp;|&nbsp;<a href=\"https:\/\/www.youtube.com\/watch?v=0dwjaGihgCA\">Mandarin<\/a>\n\n\n","link-url":"","lightbox":true,"social-share-text":"","social-share-link":""},{"title":"We Have Rights: If ICE Arrests Us","media-type":"youtube","image":null,"video":null,"oembed-url":"https:\/\/www.youtube.com\/watch?v=xOOjvP36ubo","cover-image":8648,"credit":"","caption":"","description":"ICE arrests increased by 30% in 2017. Today, more than ever, it is critical for you and your loved ones to have a plan for what to do if one of you is arrested by ICE. This video will walk you through what your rights are if ICE arrests you. It explains what you and your loved ones should do if one of you is arrested.\n\n\nView in:&nbsp;<a href=\"https:\/\/www.youtube.com\/watch?v=tmgHjwZyX5A\">Spanish<\/a>&nbsp;|&nbsp;<a href=\"https:\/\/www.youtube.com\/watch?v=IgLDtibMlB4\">Urdu<\/a>&nbsp;|<a href=\"https:\/\/www.youtube.com\/watch?v=C7s3tvuHrgU\">Arabic<\/a>&nbsp;|&nbsp;<a href=\"https:\/\/www.youtube.com\/watch?v=3wWC1tbcbLc\">Haitian Creole<\/a>&nbsp;|&nbsp;<a href=\"https:\/\/www.youtube.com\/watch?v=kfwo_Ie2rPY\">Russian<\/a>&nbsp;|&nbsp;<a href=\"https:\/\/www.youtube.com\/watch?v=VwwMnkeGwYs\">Mandarin<\/a>\n\n\n","link-url":"","lightbox":true,"social-share-text":"","social-share-link":""}],"display-type":"grid","images-per-row":4,"grid-type":"alignedrow","crop-size":"square","display-text":false}},{"acf_fc_layout":"heading","heading":{"":null,"text":"Other Immigrants Rights Resources","anchor":"","sub-heading":"","type":"h2","heading-style":"standard"}}],"section":null,"issues":[4602],"related_content":[8310,8315,5708,5665,5510],"documents":[{"name":"_aclu_or_immigrants_rights_resources_0.pdf","file":2511},{"name":"_aclu_or_immigrants_rights_resources_sp.pdf","file":2487}]},"yoast_head":"<!-- This site is optimized with the Yoast SEO plugin v24.9 - https:\/\/yoast.com\/wordpress\/plugins\/seo\/ -->\n<title>PLAN DE RESPUESTA R\u00c1PIDA SI ICE LLEGA A TU COMUNIDAD - ACLU of Oregon<\/title>\n<meta name=\"robots\" content=\"index, follow, max-snippet:-1, max-image-preview:large, max-video-preview:-1\" \/>\n<link rel=\"canonical\" href=\"https:\/\/www.aclu-or.org\/es\/plan-de-respuesta-rapida-si-la-migra-llega-tu-comunidad\/\" \/>\n<meta property=\"og:locale\" content=\"es_ES\" \/>\n<meta property=\"og:type\" content=\"article\" \/>\n<meta property=\"og:title\" content=\"PLAN DE RESPUESTA R\u00c1PIDA SI ICE LLEGA A TU COMUNIDAD - ACLU of Oregon\" \/>\n<meta property=\"og:description\" content=\"La siguiente informaci\u00f3n es producida por la ACLU de Oregon \u00fanicamente con fines educativos. Esto no pretende ser ni sustituir el asesoramiento legal.&nbsp; SI LA POLIC\u00cdA PREGUNTA SOBRE SU ESTADO MIGRATORIO: Tiene derecho a permanecer en silencio y no tiene que discutir su estatus migratorio o de ciudadan\u00eda con la polic\u00eda, agentes de inmigraci\u00f3n u [&hellip;]\" \/>\n<meta property=\"og:url\" content=\"https:\/\/www.aclu-or.org\/es\/plan-de-respuesta-rapida-si-la-migra-llega-tu-comunidad\/\" \/>\n<meta property=\"og:site_name\" content=\"ACLU of Oregon\" \/>\n<meta property=\"og:image\" content=\"https:\/\/www.aclu-or.org\/app\/themes\/aclu-parent\/img\/default_fb_share.jpg\" \/>\n<meta name=\"twitter:card\" content=\"summary_large_image\" \/>\n<script type=\"application\/ld+json\" class=\"yoast-schema-graph\">{\"@context\":\"https:\/\/schema.org\",\"@graph\":[{\"@type\":\"WebPage\",\"@id\":\"https:\/\/www.aclu-or.org\/es\/plan-de-respuesta-rapida-si-la-migra-llega-tu-comunidad\/\",\"url\":\"https:\/\/www.aclu-or.org\/es\/plan-de-respuesta-rapida-si-la-migra-llega-tu-comunidad\/\",\"name\":\"PLAN DE RESPUESTA R\u00c1PIDA SI ICE LLEGA A TU COMUNIDAD - ACLU of Oregon\",\"isPartOf\":{\"@id\":\"https:\/\/www.aclu-or.org\/#website\"},\"datePublished\":\"2024-10-29T22:45:00+00:00\",\"inLanguage\":\"es-ES\",\"potentialAction\":[{\"@type\":\"ReadAction\",\"target\":[\"https:\/\/www.aclu-or.org\/es\/plan-de-respuesta-rapida-si-la-migra-llega-tu-comunidad\/\"]}]},{\"@type\":\"WebSite\",\"@id\":\"https:\/\/www.aclu-or.org\/#website\",\"url\":\"https:\/\/www.aclu-or.org\/\",\"name\":\"ACLU of Oregon\",\"description\":\"\",\"publisher\":{\"@id\":\"https:\/\/www.aclu-or.org\/#organization\"},\"potentialAction\":[{\"@type\":\"SearchAction\",\"target\":{\"@type\":\"EntryPoint\",\"urlTemplate\":\"https:\/\/www.aclu-or.org\/?s={search_term_string}\"},\"query-input\":{\"@type\":\"PropertyValueSpecification\",\"valueRequired\":true,\"valueName\":\"search_term_string\"}}],\"inLanguage\":\"es-ES\"},{\"@type\":\"Organization\",\"@id\":\"https:\/\/www.aclu-or.org\/#organization\",\"name\":\"ACLU of Oregon\",\"url\":\"https:\/\/www.aclu-or.org\/\",\"logo\":{\"@type\":\"ImageObject\",\"inLanguage\":\"es-ES\",\"@id\":\"https:\/\/www.aclu-or.org\/#\/schema\/logo\/image\/\",\"url\":\"https:\/\/www.aclu-or.org\/app\/uploads\/2025\/09\/Oregon_Color-Logo_RGB.png\",\"contentUrl\":\"https:\/\/www.aclu-or.org\/app\/uploads\/2025\/09\/Oregon_Color-Logo_RGB.png\",\"width\":2000,\"height\":2000,\"caption\":\"ACLU of Oregon\"},\"image\":{\"@id\":\"https:\/\/www.aclu-or.org\/#\/schema\/logo\/image\/\"}}]}<\/script>\n<!-- \/ Yoast SEO plugin. -->","yoast_head_json":{"title":"PLAN DE RESPUESTA R\u00c1PIDA SI ICE LLEGA A TU COMUNIDAD - ACLU of Oregon","robots":{"index":"index","follow":"follow","max-snippet":"max-snippet:-1","max-image-preview":"max-image-preview:large","max-video-preview":"max-video-preview:-1"},"canonical":"https:\/\/www.aclu-or.org\/es\/plan-de-respuesta-rapida-si-la-migra-llega-tu-comunidad\/","og_locale":"es_ES","og_type":"article","og_title":"PLAN DE RESPUESTA R\u00c1PIDA SI ICE LLEGA A TU COMUNIDAD - ACLU of Oregon","og_description":"La siguiente informaci\u00f3n es producida por la ACLU de Oregon \u00fanicamente con fines educativos. Esto no pretende ser ni sustituir el asesoramiento legal.&nbsp; SI LA POLIC\u00cdA PREGUNTA SOBRE SU ESTADO MIGRATORIO: Tiene derecho a permanecer en silencio y no tiene que discutir su estatus migratorio o de ciudadan\u00eda con la polic\u00eda, agentes de inmigraci\u00f3n u [&hellip;]","og_url":"https:\/\/www.aclu-or.org\/es\/plan-de-respuesta-rapida-si-la-migra-llega-tu-comunidad\/","og_site_name":"ACLU of Oregon","og_image":[{"url":"https:\/\/www.aclu-or.org\/app\/themes\/aclu-parent\/img\/default_fb_share.jpg","type":"","width":"","height":""}],"twitter_card":"summary_large_image","schema":{"@context":"https:\/\/schema.org","@graph":[{"@type":"WebPage","@id":"https:\/\/www.aclu-or.org\/es\/plan-de-respuesta-rapida-si-la-migra-llega-tu-comunidad\/","url":"https:\/\/www.aclu-or.org\/es\/plan-de-respuesta-rapida-si-la-migra-llega-tu-comunidad\/","name":"PLAN DE RESPUESTA R\u00c1PIDA SI ICE LLEGA A TU COMUNIDAD - ACLU of Oregon","isPartOf":{"@id":"https:\/\/www.aclu-or.org\/#website"},"datePublished":"2024-10-29T22:45:00+00:00","inLanguage":"es-ES","potentialAction":[{"@type":"ReadAction","target":["https:\/\/www.aclu-or.org\/es\/plan-de-respuesta-rapida-si-la-migra-llega-tu-comunidad\/"]}]},{"@type":"WebSite","@id":"https:\/\/www.aclu-or.org\/#website","url":"https:\/\/www.aclu-or.org\/","name":"ACLU of Oregon","description":"","publisher":{"@id":"https:\/\/www.aclu-or.org\/#organization"},"potentialAction":[{"@type":"SearchAction","target":{"@type":"EntryPoint","urlTemplate":"https:\/\/www.aclu-or.org\/?s={search_term_string}"},"query-input":{"@type":"PropertyValueSpecification","valueRequired":true,"valueName":"search_term_string"}}],"inLanguage":"es-ES"},{"@type":"Organization","@id":"https:\/\/www.aclu-or.org\/#organization","name":"ACLU of Oregon","url":"https:\/\/www.aclu-or.org\/","logo":{"@type":"ImageObject","inLanguage":"es-ES","@id":"https:\/\/www.aclu-or.org\/#\/schema\/logo\/image\/","url":"https:\/\/www.aclu-or.org\/app\/uploads\/2025\/09\/Oregon_Color-Logo_RGB.png","contentUrl":"https:\/\/www.aclu-or.org\/app\/uploads\/2025\/09\/Oregon_Color-Logo_RGB.png","width":2000,"height":2000,"caption":"ACLU of Oregon"},"image":{"@id":"https:\/\/www.aclu-or.org\/#\/schema\/logo\/image\/"}}]}},"distributor_meta":false,"distributor_terms":false,"distributor_media":false,"distributor_original_site_name":"ACLU of Oregon","distributor_original_site_url":"https:\/\/www.aclu-or.org\/es\/","push-errors":false,"_links":{"self":[{"href":"https:\/\/www.aclu-or.org\/es\/wp-json\/wp\/v2\/pages\/2512","targetHints":{"allow":["GET"]}}],"collection":[{"href":"https:\/\/www.aclu-or.org\/es\/wp-json\/wp\/v2\/pages"}],"about":[{"href":"https:\/\/www.aclu-or.org\/es\/wp-json\/wp\/v2\/types\/page"}],"author":[{"embeddable":true,"href":"https:\/\/www.aclu-or.org\/es\/wp-json\/wp\/v2\/users\/8"}],"replies":[{"embeddable":true,"href":"https:\/\/www.aclu-or.org\/es\/wp-json\/wp\/v2\/comments?post=2512"}],"version-history":[{"count":0,"href":"https:\/\/www.aclu-or.org\/es\/wp-json\/wp\/v2\/pages\/2512\/revisions"}],"acf:post":[{"embeddable":true,"href":"https:\/\/www.aclu-or.org\/es\/wp-json\/wp\/v2\/press_release\/5510"},{"embeddable":true,"href":"https:\/\/www.aclu-or.org\/es\/wp-json\/wp\/v2\/press_release\/5665"},{"embeddable":true,"href":"https:\/\/www.aclu-or.org\/es\/wp-json\/wp\/v2\/press_release\/5708"},{"embeddable":true,"href":"https:\/\/www.aclu-or.org\/es\/wp-json\/wp\/v2\/posts\/8315"},{"embeddable":true,"href":"https:\/\/www.aclu-or.org\/es\/wp-json\/wp\/v2\/posts\/8310"},{"embeddable":true,"href":"https:\/\/www.aclu-or.org\/es\/wp-json\/wp\/v2\/issue\/4602"}],"wp:attachment":[{"href":"https:\/\/www.aclu-or.org\/es\/wp-json\/wp\/v2\/media?parent=2512"}],"curies":[{"name":"wp","href":"https:\/\/api.w.org\/{rel}","templated":true}]}}